{"id":1032,"date":"2025-01-16T22:54:23","date_gmt":"2025-01-16T21:54:23","guid":{"rendered":"https:\/\/www.pimefactura.net\/?page_id=1032"},"modified":"2025-01-20T16:13:18","modified_gmt":"2025-01-20T15:13:18","slug":"politica-de-privacitat","status":"publish","type":"page","link":"https:\/\/www.pimefactura.net\/ca\/politica-de-privacitat\/","title":{"rendered":"Pol\u00edtica de privacitat"},"content":{"rendered":"\t\t<div data-elementor-type=\"wp-page\" data-elementor-id=\"1032\" class=\"elementor elementor-1032 elementor-961\" data-elementor-post-type=\"page\">\n\t\t\t\t<div class=\"elementor-element elementor-element-3aa3f5f9 e-flex e-con-boxed e-con e-parent\" data-id=\"3aa3f5f9\" data-element_type=\"container\" data-settings=\"{&quot;background_background&quot;:&quot;classic&quot;}\">\n\t\t\t\t\t<div class=\"e-con-inner\">\n\t\t\t\t<div class=\"elementor-element elementor-element-deca577 elementor-widget elementor-widget-heading\" data-id=\"deca577\" data-element_type=\"widget\" data-widget_type=\"heading.default\">\n\t\t\t\t<div class=\"elementor-widget-container\">\n\t\t\t\t\t<h1 class=\"elementor-heading-title elementor-size-default\">Pol\u00edtica de privacitat<\/h1>\t\t\t\t<\/div>\n\t\t\t\t<\/div>\n\t\t\t\t\t<\/div>\n\t\t\t\t<\/div>\n\t\t<div class=\"elementor-element elementor-element-1aee483 e-flex e-con-boxed e-con e-parent\" data-id=\"1aee483\" data-element_type=\"container\">\n\t\t\t\t\t<div class=\"e-con-inner\">\n\t\t\t\t<div class=\"elementor-element elementor-element-b8f328a elementor-widget elementor-widget-text-editor\" data-id=\"b8f328a\" data-element_type=\"widget\" data-widget_type=\"text-editor.default\">\n\t\t\t\t<div class=\"elementor-widget-container\">\n\t\t\t\t\t\t\t\t\t<div class=\"x_elementToProof\" data-olk-copy-source=\"MessageBody\">A trav\u00e9s d&#8217;aquest Lloc web no es duu a terme cap tractament de dades de car\u00e0cter personal de les persones usu\u00e0ries.<\/div><div class=\"x_elementToProof\">El Lloc web, per\u00f2, cont\u00e9 enlla\u00e7os a llocs web de tercers, les pol\u00edtiques de privacitat dels quals s\u00f3n alienes a PIMEC. En accedir als esmentats llocs web vost\u00e8 pot decidir si accepta les seves pol\u00edtiques de privacitat i de cookies.<\/div>\t\t\t\t\t\t\t\t<\/div>\n\t\t\t\t<\/div>\n\t\t\t\t\t<\/div>\n\t\t\t\t<\/div>\n\t\t\t\t<\/div>\n\t\t","protected":false},"excerpt":{"rendered":"<p>A trav\u00e9s d&#8217;aquest Lloc web no es duu a terme cap tractament de dades de car\u00e0cter personal de les persones usu\u00e0ries.El Lloc web, per\u00f2, cont\u00e9 enlla\u00e7os a llocs web de tercers, les pol\u00edtiques de privacitat dels quals s\u00f3n alienes a PIMEC. En accedir als esmentats llocs web vost\u00e8 pot decidir si accepta les seves pol\u00edtiques [&hellip;]<\/p>\n","protected":false},"author":1,"featured_media":0,"parent":0,"menu_order":0,"comment_status":"closed","ping_status":"closed","template":"","meta":{"footnotes":""},"class_list":["post-1032","page","type-page","status-publish","hentry"],"yoast_head":"<!-- This site is optimized with the Yoast SEO plugin v24.2 - https:\/\/yoast.com\/wordpress\/plugins\/seo\/ -->\n<title>Pol\u00edtica de privacitat - Pimefactura<\/title>\n<meta name=\"robots\" content=\"index, follow, max-snippet:-1, max-image-preview:large, max-video-preview:-1\" \/>\n<link rel=\"canonical\" href=\"https:\/\/www.pimefactura.net\/ca\/politica-de-privacitat\/\" \/>\n<meta property=\"og:locale\" content=\"ca_ES\" \/>\n<meta property=\"og:type\" content=\"article\" \/>\n<meta property=\"og:title\" content=\"Pol\u00edtica de privacitat - Pimefactura\" \/>\n<meta property=\"og:description\" content=\"A trav\u00e9s d&#8217;aquest Lloc web no es duu a terme cap tractament de dades de car\u00e0cter personal de les persones usu\u00e0ries.El Lloc web, per\u00f2, cont\u00e9 enlla\u00e7os a llocs web de tercers, les pol\u00edtiques de privacitat dels quals s\u00f3n alienes a PIMEC. En accedir als esmentats llocs web vost\u00e8 pot decidir si accepta les seves pol\u00edtiques [&hellip;]\" \/>\n<meta property=\"og:url\" content=\"https:\/\/www.pimefactura.net\/ca\/politica-de-privacitat\/\" \/>\n<meta property=\"og:site_name\" content=\"Pimefactura\" \/>\n<meta property=\"article:modified_time\" content=\"2025-01-20T15:13:18+00:00\" \/>\n<meta name=\"twitter:card\" content=\"summary_large_image\" \/>\n<meta name=\"twitter:label1\" content=\"Temps estimat de lectura\" \/>\n\t<meta name=\"twitter:data1\" content=\"1 minut\" \/>\n<script type=\"application\/ld+json\" class=\"yoast-schema-graph\">{\"@context\":\"https:\/\/schema.org\",\"@graph\":[{\"@type\":\"WebPage\",\"@id\":\"https:\/\/www.pimefactura.net\/ca\/politica-de-privacitat\/\",\"url\":\"https:\/\/www.pimefactura.net\/ca\/politica-de-privacitat\/\",\"name\":\"Pol\u00edtica de privacitat - Pimefactura\",\"isPartOf\":{\"@id\":\"https:\/\/www.pimefactura.net\/ca\/#website\"},\"datePublished\":\"2025-01-16T21:54:23+00:00\",\"dateModified\":\"2025-01-20T15:13:18+00:00\",\"breadcrumb\":{\"@id\":\"https:\/\/www.pimefactura.net\/ca\/politica-de-privacitat\/#breadcrumb\"},\"inLanguage\":\"ca\",\"potentialAction\":[{\"@type\":\"ReadAction\",\"target\":[\"https:\/\/www.pimefactura.net\/ca\/politica-de-privacitat\/\"]}]},{\"@type\":\"BreadcrumbList\",\"@id\":\"https:\/\/www.pimefactura.net\/ca\/politica-de-privacitat\/#breadcrumb\",\"itemListElement\":[{\"@type\":\"ListItem\",\"position\":1,\"name\":\"Inicio\",\"item\":\"https:\/\/www.pimefactura.net\/ca\/\"},{\"@type\":\"ListItem\",\"position\":2,\"name\":\"Pol\u00edtica de privacitat\"}]},{\"@type\":\"WebSite\",\"@id\":\"https:\/\/www.pimefactura.net\/ca\/#website\",\"url\":\"https:\/\/www.pimefactura.net\/ca\/\",\"name\":\"Pimefactura\",\"description\":\"\",\"publisher\":{\"@id\":\"https:\/\/www.pimefactura.net\/ca\/#organization\"},\"potentialAction\":[{\"@type\":\"SearchAction\",\"target\":{\"@type\":\"EntryPoint\",\"urlTemplate\":\"https:\/\/www.pimefactura.net\/ca\/?s={search_term_string}\"},\"query-input\":{\"@type\":\"PropertyValueSpecification\",\"valueRequired\":true,\"valueName\":\"search_term_string\"}}],\"inLanguage\":\"ca\"},{\"@type\":\"Organization\",\"@id\":\"https:\/\/www.pimefactura.net\/ca\/#organization\",\"name\":\"Pimefactura\",\"url\":\"https:\/\/www.pimefactura.net\/ca\/\",\"logo\":{\"@type\":\"ImageObject\",\"inLanguage\":\"ca\",\"@id\":\"https:\/\/www.pimefactura.net\/ca\/#\/schema\/logo\/image\/\",\"url\":\"https:\/\/www.pimefactura.net\/wp-content\/uploads\/2024\/04\/Pimec.png\",\"contentUrl\":\"https:\/\/www.pimefactura.net\/wp-content\/uploads\/2024\/04\/Pimec.png\",\"width\":742,\"height\":251,\"caption\":\"Pimefactura\"},\"image\":{\"@id\":\"https:\/\/www.pimefactura.net\/ca\/#\/schema\/logo\/image\/\"}}]}<\/script>\n<!-- \/ Yoast SEO plugin. -->","yoast_head_json":{"title":"Pol\u00edtica de privacitat - Pimefactura","robots":{"index":"index","follow":"follow","max-snippet":"max-snippet:-1","max-image-preview":"max-image-preview:large","max-video-preview":"max-video-preview:-1"},"canonical":"https:\/\/www.pimefactura.net\/ca\/politica-de-privacitat\/","og_locale":"ca_ES","og_type":"article","og_title":"Pol\u00edtica de privacitat - Pimefactura","og_description":"A trav\u00e9s d&#8217;aquest Lloc web no es duu a terme cap tractament de dades de car\u00e0cter personal de les persones usu\u00e0ries.El Lloc web, per\u00f2, cont\u00e9 enlla\u00e7os a llocs web de tercers, les pol\u00edtiques de privacitat dels quals s\u00f3n alienes a PIMEC. En accedir als esmentats llocs web vost\u00e8 pot decidir si accepta les seves pol\u00edtiques [&hellip;]","og_url":"https:\/\/www.pimefactura.net\/ca\/politica-de-privacitat\/","og_site_name":"Pimefactura","article_modified_time":"2025-01-20T15:13:18+00:00","twitter_card":"summary_large_image","twitter_misc":{"Temps estimat de lectura":"1 minut"},"schema":{"@context":"https:\/\/schema.org","@graph":[{"@type":"WebPage","@id":"https:\/\/www.pimefactura.net\/ca\/politica-de-privacitat\/","url":"https:\/\/www.pimefactura.net\/ca\/politica-de-privacitat\/","name":"Pol\u00edtica de privacitat - Pimefactura","isPartOf":{"@id":"https:\/\/www.pimefactura.net\/ca\/#website"},"datePublished":"2025-01-16T21:54:23+00:00","dateModified":"2025-01-20T15:13:18+00:00","breadcrumb":{"@id":"https:\/\/www.pimefactura.net\/ca\/politica-de-privacitat\/#breadcrumb"},"inLanguage":"ca","potentialAction":[{"@type":"ReadAction","target":["https:\/\/www.pimefactura.net\/ca\/politica-de-privacitat\/"]}]},{"@type":"BreadcrumbList","@id":"https:\/\/www.pimefactura.net\/ca\/politica-de-privacitat\/#breadcrumb","itemListElement":[{"@type":"ListItem","position":1,"name":"Inicio","item":"https:\/\/www.pimefactura.net\/ca\/"},{"@type":"ListItem","position":2,"name":"Pol\u00edtica de privacitat"}]},{"@type":"WebSite","@id":"https:\/\/www.pimefactura.net\/ca\/#website","url":"https:\/\/www.pimefactura.net\/ca\/","name":"Pimefactura","description":"","publisher":{"@id":"https:\/\/www.pimefactura.net\/ca\/#organization"},"potentialAction":[{"@type":"SearchAction","target":{"@type":"EntryPoint","urlTemplate":"https:\/\/www.pimefactura.net\/ca\/?s={search_term_string}"},"query-input":{"@type":"PropertyValueSpecification","valueRequired":true,"valueName":"search_term_string"}}],"inLanguage":"ca"},{"@type":"Organization","@id":"https:\/\/www.pimefactura.net\/ca\/#organization","name":"Pimefactura","url":"https:\/\/www.pimefactura.net\/ca\/","logo":{"@type":"ImageObject","inLanguage":"ca","@id":"https:\/\/www.pimefactura.net\/ca\/#\/schema\/logo\/image\/","url":"https:\/\/www.pimefactura.net\/wp-content\/uploads\/2024\/04\/Pimec.png","contentUrl":"https:\/\/www.pimefactura.net\/wp-content\/uploads\/2024\/04\/Pimec.png","width":742,"height":251,"caption":"Pimefactura"},"image":{"@id":"https:\/\/www.pimefactura.net\/ca\/#\/schema\/logo\/image\/"}}]}},"_links":{"self":[{"href":"https:\/\/www.pimefactura.net\/ca\/wp-json\/wp\/v2\/pages\/1032","targetHints":{"allow":["GET"]}}],"collection":[{"href":"https:\/\/www.pimefactura.net\/ca\/wp-json\/wp\/v2\/pages"}],"about":[{"href":"https:\/\/www.pimefactura.net\/ca\/wp-json\/wp\/v2\/types\/page"}],"author":[{"embeddable":true,"href":"https:\/\/www.pimefactura.net\/ca\/wp-json\/wp\/v2\/users\/1"}],"replies":[{"embeddable":true,"href":"https:\/\/www.pimefactura.net\/ca\/wp-json\/wp\/v2\/comments?post=1032"}],"version-history":[{"count":4,"href":"https:\/\/www.pimefactura.net\/ca\/wp-json\/wp\/v2\/pages\/1032\/revisions"}],"predecessor-version":[{"id":1134,"href":"https:\/\/www.pimefactura.net\/ca\/wp-json\/wp\/v2\/pages\/1032\/revisions\/1134"}],"wp:attachment":[{"href":"https:\/\/www.pimefactura.net\/ca\/wp-json\/wp\/v2\/media?parent=1032"}],"curies":[{"name":"wp","href":"https:\/\/api.w.org\/{rel}","templated":true}]}}